{"id":495,"date":"2025-03-17T12:13:29","date_gmt":"2025-03-17T15:13:29","guid":{"rendered":"https:\/\/sentidosaromatizacion.speedx.uy\/?page_id=495"},"modified":"2025-03-17T12:14:45","modified_gmt":"2025-03-17T15:14:45","slug":"marketing-olfativo-2","status":"publish","type":"page","link":"https:\/\/sentidosaromatizacion.speedx.uy\/index.php\/marketing-olfativo-2\/","title":{"rendered":"Marketing Olfativo"},"content":{"rendered":"\t\t<div data-elementor-type=\"wp-page\" data-elementor-id=\"495\" class=\"elementor elementor-495\" data-elementor-post-type=\"page\">\n\t\t\t\t<div class=\"elementor-element elementor-element-48035cbb e-flex e-con-boxed e-con e-parent\" data-id=\"48035cbb\" data-element_type=\"container\" data-settings=\"{&quot;background_background&quot;:&quot;classic&quot;}\">\n\t\t\t\t\t<div class=\"e-con-inner\">\n\t\t<div class=\"elementor-element elementor-element-349a3f6c e-con-full e-flex e-con e-child\" data-id=\"349a3f6c\" data-element_type=\"container\">\n\t\t\t\t<div class=\"elementor-element elementor-element-4dfad7f2 elementor-widget elementor-widget-heading\" data-id=\"4dfad7f2\" data-element_type=\"widget\" data-widget_type=\"heading.default\">\n\t\t\t\t<div class=\"elementor-widget-container\">\n\t\t\t\t\t<h1 class=\"elementor-heading-title elementor-size-default\">Marketing Olfativo<\/h1>\t\t\t\t<\/div>\n\t\t\t\t<\/div>\n\t\t\t\t<div class=\"elementor-element elementor-element-e48210c elementor-widget elementor-widget-heading\" data-id=\"e48210c\" data-element_type=\"widget\" data-widget_type=\"heading.default\">\n\t\t\t\t<div class=\"elementor-widget-container\">\n\t\t\t\t\t<h6 class=\"elementor-heading-title elementor-size-default\">ASESORAMIENTO PERSONALIZADO<\/h6>\t\t\t\t<\/div>\n\t\t\t\t<\/div>\n\t\t\t\t<\/div>\n\t\t\t\t\t<\/div>\n\t\t\t\t<\/div>\n\t\t<div class=\"elementor-element elementor-element-14f018da e-flex e-con-boxed e-con e-parent\" data-id=\"14f018da\" data-element_type=\"container\">\n\t\t\t\t\t<div class=\"e-con-inner\">\n\t\t<div class=\"elementor-element elementor-element-2a6a1ae4 e-con-full e-flex e-con e-child\" data-id=\"2a6a1ae4\" data-element_type=\"container\">\n\t\t\t\t<div class=\"elementor-element elementor-element-42dafa6d elementor-widget elementor-widget-text-editor\" data-id=\"42dafa6d\" data-element_type=\"widget\" data-widget_type=\"text-editor.default\">\n\t\t\t\t<div class=\"elementor-widget-container\">\n\t\t\t\t\t\t\t\t\t<p data-start=\"58\" data-end=\"491\">Este tipo de t\u00e9cnica o estrategia apela directamente a otros sentidos diferentes al de la vista, que suele ser el m\u00e1s com\u00fan. Aromatizar nuestros diferentes espacios activa nuestro sentido del olfato con distintos aromas, olores y fragancias, provocando emociones, sensaciones y recuerdos en nuestra memoria que impactan de una forma diferente en nuestros clientes, creando una conexi\u00f3n entre el producto y los recuerdos evocadores.<\/p><p data-start=\"493\" data-end=\"564\">El objetivo del marketing olfativo es atraer clientes y fidelizarlos.<\/p><p data-start=\"566\" data-end=\"700\">Para ello, nos encargamos de estudiar la empresa, el perfil de clientes que la frecuentan y seleccionar un aroma acorde al objetivo.<\/p><p data-start=\"702\" data-end=\"860\" data-is-last-node=\"\" data-is-only-node=\"\">El Marketing Olfativo est\u00e1 ganando cada vez m\u00e1s relevancia en los negocios. Pr\u00e1cticamente todas las multinacionales m\u00e1s importantes ya cuentan con su odotipo.<\/p>\t\t\t\t\t\t\t\t<\/div>\n\t\t\t\t<\/div>\n\t\t\t\t<\/div>\n\t\t\t\t\t<\/div>\n\t\t\t\t<\/div>\n\t\t\t\t<\/div>\n\t\t","protected":false},"excerpt":{"rendered":"<p>Marketing Olfativo ASESORAMIENTO PERSONALIZADO Este tipo de t\u00e9cnica o estrategia apela directamente a otros sentidos diferentes al de la vista, que suele ser el m\u00e1s com\u00fan. Aromatizar nuestros diferentes espacios activa nuestro sentido del olfato con distintos aromas, olores y fragancias, provocando emociones, sensaciones y recuerdos en nuestra memoria que impactan de una forma diferente [&hellip;]<\/p>\n","protected":false},"author":1,"featured_media":0,"parent":0,"menu_order":0,"comment_status":"closed","ping_status":"closed","template":"","meta":{"footnotes":""},"class_list":["post-495","page","type-page","status-publish","hentry"],"_links":{"self":[{"href":"https:\/\/sentidosaromatizacion.speedx.uy\/index.php\/wp-json\/wp\/v2\/pages\/495","targetHints":{"allow":["GET"]}}],"collection":[{"href":"https:\/\/sentidosaromatizacion.speedx.uy\/index.php\/wp-json\/wp\/v2\/pages"}],"about":[{"href":"https:\/\/sentidosaromatizacion.speedx.uy\/index.php\/wp-json\/wp\/v2\/types\/page"}],"author":[{"embeddable":true,"href":"https:\/\/sentidosaromatizacion.speedx.uy\/index.php\/wp-json\/wp\/v2\/users\/1"}],"replies":[{"embeddable":true,"href":"https:\/\/sentidosaromatizacion.speedx.uy\/index.php\/wp-json\/wp\/v2\/comments?post=495"}],"version-history":[{"count":0,"href":"https:\/\/sentidosaromatizacion.speedx.uy\/index.php\/wp-json\/wp\/v2\/pages\/495\/revisions"}],"wp:attachment":[{"href":"https:\/\/sentidosaromatizacion.speedx.uy\/index.php\/wp-json\/wp\/v2\/media?parent=495"}],"curies":[{"name":"wp","href":"https:\/\/api.w.org\/{rel}","templated":true}]}}