{"id":490,"date":"2025-03-17T12:10:45","date_gmt":"2025-03-17T15:10:45","guid":{"rendered":"https:\/\/sentidosaromatizacion.speedx.uy\/?page_id=490"},"modified":"2025-03-17T12:11:14","modified_gmt":"2025-03-17T15:11:14","slug":"vision","status":"publish","type":"page","link":"https:\/\/sentidosaromatizacion.speedx.uy\/index.php\/vision\/","title":{"rendered":"Visi\u00f3n"},"content":{"rendered":"\t\t<div data-elementor-type=\"wp-page\" data-elementor-id=\"490\" class=\"elementor elementor-490\" data-elementor-post-type=\"page\">\n\t\t\t\t<div class=\"elementor-element elementor-element-48035cbb e-flex e-con-boxed e-con e-parent\" data-id=\"48035cbb\" data-element_type=\"container\" data-settings=\"{&quot;background_background&quot;:&quot;classic&quot;}\">\n\t\t\t\t\t<div class=\"e-con-inner\">\n\t\t<div class=\"elementor-element elementor-element-349a3f6c e-con-full e-flex e-con e-child\" data-id=\"349a3f6c\" data-element_type=\"container\">\n\t\t\t\t<div class=\"elementor-element elementor-element-4dfad7f2 elementor-widget elementor-widget-heading\" data-id=\"4dfad7f2\" data-element_type=\"widget\" data-widget_type=\"heading.default\">\n\t\t\t\t<div class=\"elementor-widget-container\">\n\t\t\t\t\t<h1 class=\"elementor-heading-title elementor-size-default\">Visi\u00f3n<\/h1>\t\t\t\t<\/div>\n\t\t\t\t<\/div>\n\t\t\t\t<\/div>\n\t\t\t\t\t<\/div>\n\t\t\t\t<\/div>\n\t\t<div class=\"elementor-element elementor-element-14f018da e-flex e-con-boxed e-con e-parent\" data-id=\"14f018da\" data-element_type=\"container\">\n\t\t\t\t\t<div class=\"e-con-inner\">\n\t\t<div class=\"elementor-element elementor-element-2a6a1ae4 e-con-full e-flex e-con e-child\" data-id=\"2a6a1ae4\" data-element_type=\"container\">\n\t\t\t\t<div class=\"elementor-element elementor-element-42dafa6d elementor-widget elementor-widget-text-editor\" data-id=\"42dafa6d\" data-element_type=\"widget\" data-widget_type=\"text-editor.default\">\n\t\t\t\t<div class=\"elementor-widget-container\">\n\t\t\t\t\t\t\t\t\t<ul><li data-start=\"24\" data-end=\"205\">Nuestros valores centrales son la pasi\u00f3n por nuestro oficio, el trabajo en equipo, la innovaci\u00f3n, la adaptabilidad y un compromiso inquebrantable con nuestros clientes y socios.<\/li><li data-start=\"206\" data-end=\"406\" data-is-last-node=\"\">Ser reconocidos como la empresa l\u00edder en el sector del Marketing Olfativo, destac\u00e1ndonos por la calidad de nuestros productos y servicios y por nuestra extensa gama de aromas y sistemas innovadores.<\/li><\/ul>\t\t\t\t\t\t\t\t<\/div>\n\t\t\t\t<\/div>\n\t\t\t\t<\/div>\n\t\t\t\t\t<\/div>\n\t\t\t\t<\/div>\n\t\t\t\t<\/div>\n\t\t","protected":false},"excerpt":{"rendered":"<p>Visi\u00f3n Nuestros valores centrales son la pasi\u00f3n por nuestro oficio, el trabajo en equipo, la innovaci\u00f3n, la adaptabilidad y un compromiso inquebrantable con nuestros clientes y socios. Ser reconocidos como la empresa l\u00edder en el sector del Marketing Olfativo, destac\u00e1ndonos por la calidad de nuestros productos y servicios y por nuestra extensa gama de aromas [&hellip;]<\/p>\n","protected":false},"author":1,"featured_media":0,"parent":0,"menu_order":0,"comment_status":"closed","ping_status":"closed","template":"","meta":{"footnotes":""},"class_list":["post-490","page","type-page","status-publish","hentry"],"_links":{"self":[{"href":"https:\/\/sentidosaromatizacion.speedx.uy\/index.php\/wp-json\/wp\/v2\/pages\/490","targetHints":{"allow":["GET"]}}],"collection":[{"href":"https:\/\/sentidosaromatizacion.speedx.uy\/index.php\/wp-json\/wp\/v2\/pages"}],"about":[{"href":"https:\/\/sentidosaromatizacion.speedx.uy\/index.php\/wp-json\/wp\/v2\/types\/page"}],"author":[{"embeddable":true,"href":"https:\/\/sentidosaromatizacion.speedx.uy\/index.php\/wp-json\/wp\/v2\/users\/1"}],"replies":[{"embeddable":true,"href":"https:\/\/sentidosaromatizacion.speedx.uy\/index.php\/wp-json\/wp\/v2\/comments?post=490"}],"version-history":[{"count":0,"href":"https:\/\/sentidosaromatizacion.speedx.uy\/index.php\/wp-json\/wp\/v2\/pages\/490\/revisions"}],"wp:attachment":[{"href":"https:\/\/sentidosaromatizacion.speedx.uy\/index.php\/wp-json\/wp\/v2\/media?parent=490"}],"curies":[{"name":"wp","href":"https:\/\/api.w.org\/{rel}","templated":true}]}}