{"id":470,"date":"2025-03-17T11:23:16","date_gmt":"2025-03-17T14:23:16","guid":{"rendered":"https:\/\/sentidosaromatizacion.speedx.uy\/?page_id=470"},"modified":"2025-03-17T12:07:02","modified_gmt":"2025-03-17T15:07:02","slug":"mision-2","status":"publish","type":"page","link":"https:\/\/sentidosaromatizacion.speedx.uy\/index.php\/mision-2\/","title":{"rendered":"Misi\u00f3n"},"content":{"rendered":"\t\t<div data-elementor-type=\"wp-page\" data-elementor-id=\"470\" class=\"elementor elementor-470\" data-elementor-post-type=\"page\">\n\t\t\t\t<div class=\"elementor-element elementor-element-48035cbb e-flex e-con-boxed e-con e-parent\" data-id=\"48035cbb\" data-element_type=\"container\" data-settings=\"{&quot;background_background&quot;:&quot;classic&quot;}\">\n\t\t\t\t\t<div class=\"e-con-inner\">\n\t\t<div class=\"elementor-element elementor-element-349a3f6c e-con-full e-flex e-con e-child\" data-id=\"349a3f6c\" data-element_type=\"container\">\n\t\t\t\t<div class=\"elementor-element elementor-element-4dfad7f2 elementor-widget elementor-widget-heading\" data-id=\"4dfad7f2\" data-element_type=\"widget\" data-widget_type=\"heading.default\">\n\t\t\t\t<div class=\"elementor-widget-container\">\n\t\t\t\t\t<h1 class=\"elementor-heading-title elementor-size-default\">Misi\u00f3n<\/h1>\t\t\t\t<\/div>\n\t\t\t\t<\/div>\n\t\t\t\t<\/div>\n\t\t\t\t\t<\/div>\n\t\t\t\t<\/div>\n\t\t<div class=\"elementor-element elementor-element-14f018da e-flex e-con-boxed e-con e-parent\" data-id=\"14f018da\" data-element_type=\"container\">\n\t\t\t\t\t<div class=\"e-con-inner\">\n\t\t<div class=\"elementor-element elementor-element-2a6a1ae4 e-con-full e-flex e-con e-child\" data-id=\"2a6a1ae4\" data-element_type=\"container\">\n\t\t\t\t<div class=\"elementor-element elementor-element-42dafa6d elementor-widget elementor-widget-text-editor\" data-id=\"42dafa6d\" data-element_type=\"widget\" data-widget_type=\"text-editor.default\">\n\t\t\t\t<div class=\"elementor-widget-container\">\n\t\t\t\t\t\t\t\t\t<p>Nuestro prop\u00f3sito es proporcionar a empresas de todos los tama\u00f1os un aroma distintivo y agradable que sea reconocido y valorado por clientes y empleados. Creemos en mejorar el bienestar general y en reforzar la identidad de marca a trav\u00e9s del poder del olfato.<\/p>\t\t\t\t\t\t\t\t<\/div>\n\t\t\t\t<\/div>\n\t\t\t\t<\/div>\n\t\t\t\t\t<\/div>\n\t\t\t\t<\/div>\n\t\t\t\t<\/div>\n\t\t","protected":false},"excerpt":{"rendered":"<p>Misi\u00f3n Nuestro prop\u00f3sito es proporcionar a empresas de todos los tama\u00f1os un aroma distintivo y agradable que sea reconocido y valorado por clientes y empleados. Creemos en mejorar el bienestar general y en reforzar la identidad de marca a trav\u00e9s del poder del olfato.<\/p>\n","protected":false},"author":1,"featured_media":0,"parent":0,"menu_order":0,"comment_status":"closed","ping_status":"closed","template":"","meta":{"footnotes":""},"class_list":["post-470","page","type-page","status-publish","hentry"],"_links":{"self":[{"href":"https:\/\/sentidosaromatizacion.speedx.uy\/index.php\/wp-json\/wp\/v2\/pages\/470","targetHints":{"allow":["GET"]}}],"collection":[{"href":"https:\/\/sentidosaromatizacion.speedx.uy\/index.php\/wp-json\/wp\/v2\/pages"}],"about":[{"href":"https:\/\/sentidosaromatizacion.speedx.uy\/index.php\/wp-json\/wp\/v2\/types\/page"}],"author":[{"embeddable":true,"href":"https:\/\/sentidosaromatizacion.speedx.uy\/index.php\/wp-json\/wp\/v2\/users\/1"}],"replies":[{"embeddable":true,"href":"https:\/\/sentidosaromatizacion.speedx.uy\/index.php\/wp-json\/wp\/v2\/comments?post=470"}],"version-history":[{"count":0,"href":"https:\/\/sentidosaromatizacion.speedx.uy\/index.php\/wp-json\/wp\/v2\/pages\/470\/revisions"}],"wp:attachment":[{"href":"https:\/\/sentidosaromatizacion.speedx.uy\/index.php\/wp-json\/wp\/v2\/media?parent=470"}],"curies":[{"name":"wp","href":"https:\/\/api.w.org\/{rel}","templated":true}]}}